{"id":612,"date":"2023-12-07T23:05:03","date_gmt":"2023-12-07T22:05:03","guid":{"rendered":"https:\/\/wwfca-apps.org\/ciudadescaribecircular\/?page_id=612"},"modified":"2023-12-08T00:00:16","modified_gmt":"2023-12-07T23:00:16","slug":"webinar01","status":"publish","type":"page","link":"https:\/\/wwfca-apps.org\/ciudadescaribecircular\/webinar01\/","title":{"rendered":"Webinar01"},"content":{"rendered":"\t\t<div data-elementor-type=\"wp-page\" data-elementor-id=\"612\" class=\"elementor elementor-612\" data-elementor-post-type=\"page\">\n\t\t\t\t<div class=\"elementor-element elementor-element-c78f11a e-con-full e-flex e-con e-parent\" data-id=\"c78f11a\" data-element_type=\"container\">\n\t\t<div class=\"elementor-element elementor-element-ef115fe e-flex e-con-boxed e-con e-child\" data-id=\"ef115fe\" data-element_type=\"container\" data-settings=\"{&quot;background_background&quot;:&quot;classic&quot;}\">\n\t\t\t\t\t<div class=\"e-con-inner\">\n\t\t<div class=\"elementor-element elementor-element-71092c8 e-flex e-con-boxed e-con e-child\" data-id=\"71092c8\" data-element_type=\"container\" data-settings=\"{&quot;background_background&quot;:&quot;classic&quot;}\">\n\t\t\t\t\t<div class=\"e-con-inner\">\n\t\t<div class=\"elementor-element elementor-element-bb1263c e-flex e-con-boxed e-con e-child\" data-id=\"bb1263c\" data-element_type=\"container\" data-settings=\"{&quot;background_background&quot;:&quot;classic&quot;}\">\n\t\t\t\t\t<div class=\"e-con-inner\">\n\t\t<div class=\"elementor-element elementor-element-5747a93 e-flex e-con-boxed e-con e-child\" data-id=\"5747a93\" data-element_type=\"container\">\n\t\t\t\t\t<div class=\"e-con-inner\">\n\t\t\t\t<div class=\"elementor-element elementor-element-9c2b9b6 elementor-absolute elementor-widget elementor-widget-image\" data-id=\"9c2b9b6\" data-element_type=\"widget\" data-settings=\"{&quot;_position&quot;:&quot;absolute&quot;}\" data-widget_type=\"image.default\">\n\t\t\t\t<div class=\"elementor-widget-container\">\n\t\t\t\t\t\t\t\t\t\t\t\t\t\t\t<img fetchpriority=\"high\" decoding=\"async\" width=\"750\" height=\"512\" src=\"https:\/\/wwfca-apps.org\/ciudadescaribecircular\/wp-content\/uploads\/2023\/12\/ciudadescaribe01.jpg\" class=\"attachment-large size-large wp-image-615\" alt=\"\" srcset=\"https:\/\/wwfca-apps.org\/ciudadescaribecircular\/wp-content\/uploads\/2023\/12\/ciudadescaribe01.jpg 750w, https:\/\/wwfca-apps.org\/ciudadescaribecircular\/wp-content\/uploads\/2023\/12\/ciudadescaribe01-300x205.jpg 300w\" sizes=\"(max-width: 750px) 100vw, 750px\" \/>\t\t\t\t\t\t\t\t\t\t\t\t\t\t\t<\/div>\n\t\t\t\t<\/div>\n\t\t\t\t<div class=\"elementor-element elementor-element-c01a2a1 elementor-widget__width-initial elementor-widget elementor-widget-text-editor\" data-id=\"c01a2a1\" data-element_type=\"widget\" data-widget_type=\"text-editor.default\">\n\t\t\t\t<div class=\"elementor-widget-container\">\n\t\t\t\t\t\t\t\t\t<h2 class=\"elementor-heading-title elementor-size-default\" style=\"text-align: center;\"><strong>\u00a1Bienvenidos!<\/strong><\/h2>\n<div><strong>\u00a0<\/strong><\/div>\n<span style=\"color: var( --e-global-color-primary );\">\u00a1Bienvenidos! En la campa\u00f1a de comunicaci\u00f3n \u201cCiudades del Caribe Circular\u201d, liderada por el Proyecto Caribe Circular y el Fondo Mundial para la Naturaleza (WWF Mesoam\u00e9rica), hemos incluido una serie de tres webinars con el fin de tener un espacio para presentar y discutir casos puntuales que pueden servir de ejemplo de acciones para prevenir la contaminaci\u00f3n por pl\u00e1sticos en el mar y que pueden aplicarse a los contextos de otras ciudades en Rep\u00fablica Dominicana, M\u00e9xico, Guatemala, Belice y Honduras, as\u00ed como en otros pa\u00edses.  Se realizar\u00e1 un webinar en cada una de las tres etapas que dura esta campa\u00f1a. <\/span>\t\t\t\t\t\t\t\t<\/div>\n\t\t\t\t<\/div>\n\t\t\t\t\t<\/div>\n\t\t\t\t<\/div>\n\t\t\t\t\t<\/div>\n\t\t\t\t<\/div>\n\t\t<div class=\"elementor-element elementor-element-57f02ef e-flex e-con-boxed e-con e-child\" data-id=\"57f02ef\" data-element_type=\"container\" data-settings=\"{&quot;background_background&quot;:&quot;classic&quot;}\">\n\t\t\t\t\t<div class=\"e-con-inner\">\n\t\t\t\t<div class=\"elementor-element elementor-element-f11ff9e elementor-widget elementor-widget-image\" data-id=\"f11ff9e\" data-element_type=\"widget\" data-widget_type=\"image.default\">\n\t\t\t\t<div class=\"elementor-widget-container\">\n\t\t\t\t\t\t\t\t\t\t\t\t\t\t\t<img decoding=\"async\" width=\"800\" height=\"54\" src=\"https:\/\/wwfca-apps.org\/ciudadescaribecircular\/wp-content\/uploads\/2023\/12\/logos-caribe-1024x69.png\" class=\"attachment-large size-large wp-image-616\" alt=\"\" srcset=\"https:\/\/wwfca-apps.org\/ciudadescaribecircular\/wp-content\/uploads\/2023\/12\/logos-caribe-1024x69.png 1024w, https:\/\/wwfca-apps.org\/ciudadescaribecircular\/wp-content\/uploads\/2023\/12\/logos-caribe-300x20.png 300w, https:\/\/wwfca-apps.org\/ciudadescaribecircular\/wp-content\/uploads\/2023\/12\/logos-caribe-768x52.png 768w, https:\/\/wwfca-apps.org\/ciudadescaribecircular\/wp-content\/uploads\/2023\/12\/logos-caribe-1536x103.png 1536w, https:\/\/wwfca-apps.org\/ciudadescaribecircular\/wp-content\/uploads\/2023\/12\/logos-caribe.png 1951w\" sizes=\"(max-width: 800px) 100vw, 800px\" \/>\t\t\t\t\t\t\t\t\t\t\t\t\t\t\t<\/div>\n\t\t\t\t<\/div>\n\t\t\t\t\t<\/div>\n\t\t\t\t<\/div>\n\t\t\t\t\t<\/div>\n\t\t\t\t<\/div>\n\t\t\t\t\t<\/div>\n\t\t\t\t<\/div>\n\t\t\t\t<\/div>\n\t\t<div class=\"elementor-element elementor-element-99b5103 e-con-full e-flex e-con e-parent\" data-id=\"99b5103\" data-element_type=\"container\" data-settings=\"{&quot;background_background&quot;:&quot;classic&quot;}\">\n\t\t<div class=\"elementor-element elementor-element-59d04af e-flex e-con-boxed e-con e-child\" data-id=\"59d04af\" data-element_type=\"container\" data-settings=\"{&quot;background_background&quot;:&quot;classic&quot;}\">\n\t\t\t\t\t<div class=\"e-con-inner\">\n\t\t<div class=\"elementor-element elementor-element-406321c e-flex e-con-boxed e-con e-child\" data-id=\"406321c\" data-element_type=\"container\" data-settings=\"{&quot;background_background&quot;:&quot;classic&quot;}\">\n\t\t\t\t\t<div class=\"e-con-inner\">\n\t\t<div class=\"elementor-element elementor-element-17c3597 e-flex e-con-boxed e-con e-child\" data-id=\"17c3597\" data-element_type=\"container\" data-settings=\"{&quot;background_background&quot;:&quot;classic&quot;}\">\n\t\t\t\t\t<div class=\"e-con-inner\">\n\t\t\t\t<div class=\"elementor-element elementor-element-d932bb1 elementor-widget elementor-widget-text-editor\" data-id=\"d932bb1\" data-element_type=\"widget\" data-widget_type=\"text-editor.default\">\n\t\t\t\t<div class=\"elementor-widget-container\">\n\t\t\t\t\t\t\t\t\t<h2 class=\"elementor-heading-title elementor-size-default\" style=\"text-align: center;\"><strong><span style=\"color: #00ccff;\">Webinar 1<\/span><\/strong><\/h2>\n<h2 class=\"elementor-heading-title elementor-size-default\" style=\"text-align: center;\"><strong>\u00bfC\u00f3mo enfrentamos el problema&nbsp;<\/strong><\/h2><h2 class=\"elementor-heading-title elementor-size-default\" style=\"text-align: center;\"><strong>de la contaminaci\u00f3n por pl\u00e1sticos?<\/strong><\/h2>\t\t\t\t\t\t\t\t<\/div>\n\t\t\t\t<\/div>\n\t\t\t\t<div class=\"elementor-element elementor-element-fdf7d7e elementor-widget elementor-widget-text-editor\" data-id=\"fdf7d7e\" data-element_type=\"widget\" data-widget_type=\"text-editor.default\">\n\t\t\t\t<div class=\"elementor-widget-container\">\n\t\t\t\t\t\t\t\t\t<p style=\"text-align: center;\">Este primer webinar responde a la tem\u00e1tica de la primera etapa de la campa\u00f1a Ciudades del Caribe Circular. Acomp\u00e1\u00f1anos a descubrir la importancia de tomar acciones de ra\u00edz para abordar la problem\u00e1tica de residuos s\u00f3lidos, en especial de pl\u00e1sticos, haciendo \u00e9nfasis en que se necesitan distintas acciones para una soluci\u00f3n integral, en lugar de acciones aisladas.<\/p>\t\t\t\t\t\t\t\t<\/div>\n\t\t\t\t<\/div>\n\t\t\t\t<div class=\"elementor-element elementor-element-74849d7 elementor-widget elementor-widget-text-editor\" data-id=\"74849d7\" data-element_type=\"widget\" data-widget_type=\"text-editor.default\">\n\t\t\t\t<div class=\"elementor-widget-container\">\n\t\t\t\t\t\t\t\t\t<div class=\"elementor-element elementor-element-82d1065 elementor-widget elementor-widget-heading\" data-id=\"82d1065\" data-element_type=\"widget\" data-widget_type=\"heading.default\">\n<div class=\"elementor-widget-container\">\n<div class=\"elementor-element elementor-element-c7e8e92 elementor-widget elementor-widget-heading\" data-id=\"c7e8e92\" data-element_type=\"widget\" data-widget_type=\"heading.default\">\n<div class=\"elementor-widget-container\">\n<h4 class=\"elementor-heading-title elementor-size-default\"><span style=\"color: #3dbcff;\">Fecha:<br><\/span><\/h4>\n<\/div>\n<\/div>\n<div class=\"elementor-element elementor-element-b19a883 elementor-widget elementor-widget-heading\" data-id=\"b19a883\" data-element_type=\"widget\" data-widget_type=\"heading.default\">\n<div class=\"elementor-widget-container\">\n<p class=\"elementor-heading-title elementor-size-default\">Martes 13 de junio&nbsp; de 2023<\/p><p class=\"elementor-heading-title elementor-size-default\"><br><\/p>\n<p class=\"elementor-heading-title elementor-size-default\">\n<\/p><p class=\"elementor-heading-title elementor-size-default\">\n<\/p><\/div>\n<\/div>\n<div class=\"elementor-element elementor-element-331b163 elementor-widget elementor-widget-heading\" data-id=\"331b163\" data-element_type=\"widget\" data-widget_type=\"heading.default\">\n<div class=\"elementor-widget-container\">\n<h4 class=\"elementor-heading-title elementor-size-default\"><span style=\"color: #3dbcff;\">Secci\u00f3n de participaci\u00f3n p\u00fablica:<\/span><\/h4>\n<\/div>\n<\/div>\n<section class=\"elementor-section elementor-inner-section elementor-element elementor-element-9171a60 elementor-section-boxed elementor-section-height-default elementor-section-height-default\" data-id=\"9171a60\" data-element_type=\"section\">\n<div class=\"elementor-container elementor-column-gap-default\">\n<div class=\"elementor-column elementor-col-50 elementor-inner-column elementor-element elementor-element-a280667\" data-id=\"a280667\" data-element_type=\"column\">\n<div class=\"elementor-widget-wrap elementor-element-populated\">\n<div class=\"elementor-element elementor-element-b77a77f elementor-widget elementor-widget-heading\" data-id=\"b77a77f\" data-element_type=\"widget\" data-widget_type=\"heading.default\">\n<div class=\"elementor-widget-container\">\n<p class=\"elementor-heading-title elementor-size-default\"><strong>8:00 a.m. a 10:45 a.m.<\/strong><\/p>\n<p>9:00 a.m. a 11:45 a.m.<br><span style=\"color: var( --e-global-color-primary );\">10:00 a.m. a 12:45 p.m.<\/span><\/p>\n<\/div>\n<\/div>\n<\/div>\n<\/div>\n<div class=\"elementor-column elementor-col-50 elementor-inner-column elementor-element elementor-element-4c3502c\" data-id=\"4c3502c\" data-element_type=\"column\">\n<div class=\"elementor-widget-wrap elementor-element-populated\">\n<div class=\"elementor-element elementor-element-83b59c8 elementor-widget elementor-widget-heading\" data-id=\"83b59c8\" data-element_type=\"widget\" data-widget_type=\"heading.default\">\n<div class=\"elementor-widget-container\">\n<p class=\"elementor-heading-title elementor-size-default\"><strong>Hora Centroam\u00e9rica<\/strong><\/p>\n<p>Hora Quintana Roo, M\u00e9xico<br><span style=\"color: var( --e-global-color-primary );\">Hora Rep\u00fablica Dominicana<\/span><\/p>\n<p class=\"elementor-heading-title elementor-size-default\">\n<\/p><\/div>\n<\/div>\n<\/div>\n<\/div>\n<\/div>\n<\/section>\n<div class=\"elementor-element elementor-element-ecab94e elementor-widget elementor-widget-heading\" data-id=\"ecab94e\" data-element_type=\"widget\" data-widget_type=\"heading.default\">\n<div class=\"elementor-widget-container\">\n<h4 class=\"elementor-heading-title elementor-size-default\"><span style=\"color: #3dbcff;\">Secci\u00f3n de mesas de trabajo con representante de sectores:<\/span><\/h4>\n<\/div>\n<\/div>\n<section class=\"elementor-section elementor-inner-section elementor-element elementor-element-98f2786 elementor-section-boxed elementor-section-height-default elementor-section-height-default\" data-id=\"98f2786\" data-element_type=\"section\">\n<div class=\"elementor-container elementor-column-gap-default\">\n<div class=\"elementor-column elementor-col-50 elementor-inner-column elementor-element elementor-element-cb530b5\" data-id=\"cb530b5\" data-element_type=\"column\">\n<div class=\"elementor-widget-wrap elementor-element-populated\">\n<div class=\"elementor-element elementor-element-2a4d88f elementor-widget elementor-widget-heading\" data-id=\"2a4d88f\" data-element_type=\"widget\" data-widget_type=\"heading.default\">\n<div class=\"elementor-widget-container\">\n<p class=\"elementor-heading-title elementor-size-default\"><strong>2:00 p.m. a 3:35 a.m.<\/strong><\/p>\n<p>3:00 p.m. a 4:35 a.m.<br><span style=\"color: var( --e-global-color-primary );\">4:00 p.m. a 5:35 p.m.<\/span><\/p>\n<\/div>\n<\/div>\n<\/div>\n<\/div>\n<div class=\"elementor-column elementor-col-50 elementor-inner-column elementor-element elementor-element-34939ba\" data-id=\"34939ba\" data-element_type=\"column\">\n<div class=\"elementor-widget-wrap elementor-element-populated\">\n<div class=\"elementor-element elementor-element-b166db5 elementor-widget elementor-widget-heading\" data-id=\"b166db5\" data-element_type=\"widget\" data-widget_type=\"heading.default\">\n<div class=\"elementor-widget-container\">\n<p class=\"elementor-heading-title elementor-size-default\"><strong>Hora Centroam\u00e9rica<\/strong><\/p>\n<p>Hora Quintana Roo, M\u00e9xico&nbsp;<br><span style=\"color: var( --e-global-color-primary );\">Hora&nbsp; Rep\u00fablica Dominicana<\/span><\/p>\n<\/div>\n<\/div>\n<\/div>\n<\/div>\n<\/div>\n<\/section>\n<\/div>\n<\/div>\t\t\t\t\t\t\t\t<\/div>\n\t\t\t\t<\/div>\n\t\t\t\t\t<\/div>\n\t\t\t\t<\/div>\n\t\t\t\t\t<\/div>\n\t\t\t\t<\/div>\n\t\t\t\t\t<\/div>\n\t\t\t\t<\/div>\n\t\t<div class=\"elementor-element elementor-element-1f24e38 e-flex e-con-boxed e-con e-child\" data-id=\"1f24e38\" data-element_type=\"container\" data-settings=\"{&quot;background_background&quot;:&quot;classic&quot;}\">\n\t\t\t\t\t<div class=\"e-con-inner\">\n\t\t<div class=\"elementor-element elementor-element-f0d2dec e-flex e-con-boxed e-con e-child\" data-id=\"f0d2dec\" data-element_type=\"container\" data-settings=\"{&quot;background_background&quot;:&quot;classic&quot;}\">\n\t\t\t\t\t<div class=\"e-con-inner\">\n\t\t\t\t<div class=\"elementor-element elementor-element-fd39040 elementor-widget elementor-widget-heading\" data-id=\"fd39040\" data-element_type=\"widget\" id=\"materiales\" data-widget_type=\"heading.default\">\n\t\t\t\t<div class=\"elementor-widget-container\">\n\t\t\t\t\t<h2 class=\"elementor-heading-title elementor-size-default\">Revive el Webinar<\/h2>\t\t\t\t<\/div>\n\t\t\t\t<\/div>\n\t\t<div class=\"elementor-element elementor-element-2e4996d e-flex e-con-boxed e-con e-child\" data-id=\"2e4996d\" data-element_type=\"container\">\n\t\t\t\t\t<div class=\"e-con-inner\">\n\t\t<div class=\"elementor-element elementor-element-b663092 e-con-full e-flex e-con e-child\" data-id=\"b663092\" data-element_type=\"container\">\n\t\t\t\t<div class=\"elementor-element elementor-element-76c7496 elementor-widget elementor-widget-video\" data-id=\"76c7496\" data-element_type=\"widget\" data-settings=\"{&quot;youtube_url&quot;:&quot;https:\\\/\\\/www.youtube.com\\\/watch?v=ZHKiG4jKtRQ&quot;,&quot;video_type&quot;:&quot;youtube&quot;,&quot;controls&quot;:&quot;yes&quot;}\" data-widget_type=\"video.default\">\n\t\t\t\t<div class=\"elementor-widget-container\">\n\t\t\t\t\t\t\t<div class=\"elementor-wrapper elementor-open-inline\">\n\t\t\t<div class=\"elementor-video\"><\/div>\t\t<\/div>\n\t\t\t\t\t\t<\/div>\n\t\t\t\t<\/div>\n\t\t\t\t<\/div>\n\t\t<div class=\"elementor-element elementor-element-824a47d e-con-full e-flex e-con e-child\" data-id=\"824a47d\" data-element_type=\"container\">\n\t\t\t\t<div class=\"elementor-element elementor-element-3a27ff1 elementor-widget elementor-widget-video\" data-id=\"3a27ff1\" data-element_type=\"widget\" data-settings=\"{&quot;youtube_url&quot;:&quot;https:\\\/\\\/www.youtube.com\\\/watch?v=PHEj7-WYmZU&quot;,&quot;video_type&quot;:&quot;youtube&quot;,&quot;controls&quot;:&quot;yes&quot;}\" data-widget_type=\"video.default\">\n\t\t\t\t<div class=\"elementor-widget-container\">\n\t\t\t\t\t\t\t<div class=\"elementor-wrapper elementor-open-inline\">\n\t\t\t<div class=\"elementor-video\"><\/div>\t\t<\/div>\n\t\t\t\t\t\t<\/div>\n\t\t\t\t<\/div>\n\t\t\t\t<\/div>\n\t\t\t\t\t<\/div>\n\t\t\t\t<\/div>\n\t\t\t\t\t<\/div>\n\t\t\t\t<\/div>\n\t\t\t\t\t<\/div>\n\t\t\t\t<\/div>\n\t\t\t\t<\/div>\n\t\t\t\t<\/div>\n\t\t","protected":false},"excerpt":{"rendered":"<p>\u00a1Bienvenidos! \u00a0 \u00a1Bienvenidos! En la campa\u00f1a de comunicaci\u00f3n \u201cCiudades del Caribe Circular\u201d, liderada por el Proyecto Caribe Circular y el Fondo Mundial para la Naturaleza (WWF Mesoam\u00e9rica), hemos incluido una serie de tres webinars con el fin de tener un espacio para presentar y discutir casos puntuales que pueden servir de ejemplo de acciones para [&hellip;]<\/p>\n","protected":false},"author":1,"featured_media":0,"parent":0,"menu_order":0,"comment_status":"closed","ping_status":"closed","template":"","meta":{"footnotes":""},"class_list":["post-612","page","type-page","status-publish","hentry"],"_links":{"self":[{"href":"https:\/\/wwfca-apps.org\/ciudadescaribecircular\/wp-json\/wp\/v2\/pages\/612","targetHints":{"allow":["GET"]}}],"collection":[{"href":"https:\/\/wwfca-apps.org\/ciudadescaribecircular\/wp-json\/wp\/v2\/pages"}],"about":[{"href":"https:\/\/wwfca-apps.org\/ciudadescaribecircular\/wp-json\/wp\/v2\/types\/page"}],"author":[{"embeddable":true,"href":"https:\/\/wwfca-apps.org\/ciudadescaribecircular\/wp-json\/wp\/v2\/users\/1"}],"replies":[{"embeddable":true,"href":"https:\/\/wwfca-apps.org\/ciudadescaribecircular\/wp-json\/wp\/v2\/comments?post=612"}],"version-history":[{"count":43,"href":"https:\/\/wwfca-apps.org\/ciudadescaribecircular\/wp-json\/wp\/v2\/pages\/612\/revisions"}],"predecessor-version":[{"id":663,"href":"https:\/\/wwfca-apps.org\/ciudadescaribecircular\/wp-json\/wp\/v2\/pages\/612\/revisions\/663"}],"wp:attachment":[{"href":"https:\/\/wwfca-apps.org\/ciudadescaribecircular\/wp-json\/wp\/v2\/media?parent=612"}],"curies":[{"name":"wp","href":"https:\/\/api.w.org\/{rel}","templated":true}]}}