{"id":489,"date":"2023-11-29T21:22:38","date_gmt":"2023-11-29T20:22:38","guid":{"rendered":"https:\/\/wwfca-apps.org\/ciudadescaribecircular\/?page_id=489"},"modified":"2023-11-30T00:27:31","modified_gmt":"2023-11-29T23:27:31","slug":"encuesta02","status":"publish","type":"page","link":"https:\/\/wwfca-apps.org\/ciudadescaribecircular\/encuesta02\/","title":{"rendered":"Encuesta 02"},"content":{"rendered":"\t\t<div data-elementor-type=\"wp-page\" data-elementor-id=\"489\" class=\"elementor elementor-489\" data-elementor-post-type=\"page\">\n\t\t\t\t<div class=\"elementor-element elementor-element-c78f11a e-con-full e-flex e-con e-parent\" data-id=\"c78f11a\" data-element_type=\"container\">\n\t\t\t\t<\/div>\n\t\t<div class=\"elementor-element elementor-element-99b5103 e-con-full e-flex e-con e-parent\" data-id=\"99b5103\" data-element_type=\"container\" data-settings=\"{&quot;background_background&quot;:&quot;classic&quot;}\">\n\t\t<div class=\"elementor-element elementor-element-82531c7 e-flex e-con-boxed e-con e-child\" data-id=\"82531c7\" data-element_type=\"container\">\n\t\t\t\t\t<div class=\"e-con-inner\">\n\t\t\t\t<div class=\"elementor-element elementor-element-4246a8e elementor-widget elementor-widget-spacer\" data-id=\"4246a8e\" data-element_type=\"widget\" data-widget_type=\"spacer.default\">\n\t\t\t\t<div class=\"elementor-widget-container\">\n\t\t\t\t\t\t\t<div class=\"elementor-spacer\">\n\t\t\t<div class=\"elementor-spacer-inner\"><\/div>\n\t\t<\/div>\n\t\t\t\t\t\t<\/div>\n\t\t\t\t<\/div>\n\t\t\t\t\t<\/div>\n\t\t\t\t<\/div>\n\t\t<div class=\"elementor-element elementor-element-1f24e38 e-flex e-con-boxed e-con e-child\" data-id=\"1f24e38\" data-element_type=\"container\">\n\t\t\t\t\t<div class=\"e-con-inner\">\n\t\t<div class=\"elementor-element elementor-element-0ba68cb e-con-full e-flex e-con e-child\" data-id=\"0ba68cb\" data-element_type=\"container\" data-settings=\"{&quot;background_background&quot;:&quot;gradient&quot;}\">\n\t\t<div class=\"elementor-element elementor-element-b71c1a5 e-flex e-con-boxed e-con e-child\" data-id=\"b71c1a5\" data-element_type=\"container\" data-settings=\"{&quot;background_background&quot;:&quot;classic&quot;}\">\n\t\t\t\t\t<div class=\"e-con-inner\">\n\t\t<div class=\"elementor-element elementor-element-356fbcd e-flex e-con-boxed e-con e-child\" data-id=\"356fbcd\" data-element_type=\"container\" data-settings=\"{&quot;background_background&quot;:&quot;classic&quot;}\">\n\t\t\t\t\t<div class=\"e-con-inner\">\n\t\t\t\t<div class=\"elementor-element elementor-element-e20b2df elementor-widget elementor-widget-heading\" data-id=\"e20b2df\" data-element_type=\"widget\" data-widget_type=\"heading.default\">\n\t\t\t\t<div class=\"elementor-widget-container\">\n\t\t\t\t\t<h2 class=\"elementor-heading-title elementor-size-default\">Votaci\u00f3n 02<\/h2>\t\t\t\t<\/div>\n\t\t\t\t<\/div>\n\t\t\t\t<div class=\"elementor-element elementor-element-3f4358d elementor-widget elementor-widget-spacer\" data-id=\"3f4358d\" data-element_type=\"widget\" data-widget_type=\"spacer.default\">\n\t\t\t\t<div class=\"elementor-widget-container\">\n\t\t\t\t\t\t\t<div class=\"elementor-spacer\">\n\t\t\t<div class=\"elementor-spacer-inner\"><\/div>\n\t\t<\/div>\n\t\t\t\t\t\t<\/div>\n\t\t\t\t<\/div>\n\t\t\t\t<div class=\"elementor-element elementor-element-6f3c5e8 elementor-widget elementor-widget-text-editor\" data-id=\"6f3c5e8\" data-element_type=\"widget\" data-widget_type=\"text-editor.default\">\n\t\t\t\t<div class=\"elementor-widget-container\">\n\t\t\t\t\t\t\t\t\t<p style=\"text-align: center;\"><span style=\"color: #000080;\">\u00bfSab\u00edas que actualmente a nivel global se est\u00e1 negociando un tratado para frenar la contaminaci\u00f3n por pl\u00e1sticos? Por si no lo sab\u00edas, este tratado se viene considerando desde diciembre de 2017, cuando WWF, junto con otros grupos ambientales, pone en marcha la idea de este tratado y la primera reuni\u00f3n de negociaciones se realiz\u00f3 a finales del 2022.<\/span><\/p>\n<p style=\"text-align: center;\"><span style=\"color: #000080; font-family: var( --e-global-typography-text-font-family ), Sans-serif; font-weight: var( --e-global-typography-text-font-weight ); text-align: var(--text-align); font-size: 1rem;\">Conoce m\u00e1s sobre el mismo aqu\u00ed. En la actualidad el tratado ya se est\u00e1 negociando y muchos pa\u00edses lo est\u00e1n apoyando.<\/span><\/p>\n<p style=\"text-align: center;\"><span style=\"color: #000080;\">Si te unes a la votaci\u00f3n global para solicitar que este tratado sea firmado, vota aqu\u00ed:&nbsp;<\/span><\/p>\t\t\t\t\t\t\t\t<\/div>\n\t\t\t\t<\/div>\n\t\t\t\t<div class=\"elementor-element elementor-element-778ea06 elementor-align-center elementor-widget elementor-widget-button\" data-id=\"778ea06\" data-element_type=\"widget\" data-widget_type=\"button.default\">\n\t\t\t\t<div class=\"elementor-widget-container\">\n\t\t\t\t\t\t\t\t\t<div class=\"elementor-button-wrapper\">\n\t\t\t\t\t<a class=\"elementor-button elementor-button-link elementor-size-sm\" href=\"https:\/\/www.wwfca.org\/tratadoplasticos\/\">\n\t\t\t\t\t\t<span class=\"elementor-button-content-wrapper\">\n\t\t\t\t\t\t\t\t\t<span class=\"elementor-button-text\">Haz clic aqu\u00ed<\/span>\n\t\t\t\t\t<\/span>\n\t\t\t\t\t<\/a>\n\t\t\t\t<\/div>\n\t\t\t\t\t\t\t\t<\/div>\n\t\t\t\t<\/div>\n\t\t\t\t<div class=\"elementor-element elementor-element-b0847fb elementor-widget elementor-widget-spacer\" data-id=\"b0847fb\" data-element_type=\"widget\" data-widget_type=\"spacer.default\">\n\t\t\t\t<div class=\"elementor-widget-container\">\n\t\t\t\t\t\t\t<div class=\"elementor-spacer\">\n\t\t\t<div class=\"elementor-spacer-inner\"><\/div>\n\t\t<\/div>\n\t\t\t\t\t\t<\/div>\n\t\t\t\t<\/div>\n\t\t\t\t\t<\/div>\n\t\t\t\t<\/div>\n\t\t\t\t<div class=\"elementor-element elementor-element-55e907d elementor-widget elementor-widget-text-editor\" data-id=\"55e907d\" data-element_type=\"widget\" data-widget_type=\"text-editor.default\">\n\t\t\t\t<div class=\"elementor-widget-container\">\n\t\t\t\t\t\t\t\t\t<p>\u00a9Derechos reservados 2023 by WWF | T\u00e9rminos y condiciones | Pol\u00edtica de privacidad<\/p>\t\t\t\t\t\t\t\t<\/div>\n\t\t\t\t<\/div>\n\t\t\t\t\t<\/div>\n\t\t\t\t<\/div>\n\t\t\t\t<\/div>\n\t\t\t\t\t<\/div>\n\t\t\t\t<\/div>\n\t\t<div class=\"elementor-element elementor-element-6316402 e-flex e-con-boxed e-con e-child\" data-id=\"6316402\" data-element_type=\"container\">\n\t\t\t\t\t<div class=\"e-con-inner\">\n\t\t\t\t\t<\/div>\n\t\t\t\t<\/div>\n\t\t\t\t<\/div>\n\t\t\t\t<\/div>\n\t\t","protected":false},"excerpt":{"rendered":"<p>Votaci\u00f3n 02 \u00bfSab\u00edas que actualmente a nivel global se est\u00e1 negociando un tratado para frenar la contaminaci\u00f3n por pl\u00e1sticos? Por si no lo sab\u00edas, este tratado se viene considerando desde diciembre de 2017, cuando WWF, junto con otros grupos ambientales, pone en marcha la idea de este tratado y la primera reuni\u00f3n de negociaciones se [&hellip;]<\/p>\n","protected":false},"author":1,"featured_media":0,"parent":0,"menu_order":0,"comment_status":"closed","ping_status":"closed","template":"","meta":{"footnotes":""},"class_list":["post-489","page","type-page","status-publish","hentry"],"_links":{"self":[{"href":"https:\/\/wwfca-apps.org\/ciudadescaribecircular\/wp-json\/wp\/v2\/pages\/489","targetHints":{"allow":["GET"]}}],"collection":[{"href":"https:\/\/wwfca-apps.org\/ciudadescaribecircular\/wp-json\/wp\/v2\/pages"}],"about":[{"href":"https:\/\/wwfca-apps.org\/ciudadescaribecircular\/wp-json\/wp\/v2\/types\/page"}],"author":[{"embeddable":true,"href":"https:\/\/wwfca-apps.org\/ciudadescaribecircular\/wp-json\/wp\/v2\/users\/1"}],"replies":[{"embeddable":true,"href":"https:\/\/wwfca-apps.org\/ciudadescaribecircular\/wp-json\/wp\/v2\/comments?post=489"}],"version-history":[{"count":25,"href":"https:\/\/wwfca-apps.org\/ciudadescaribecircular\/wp-json\/wp\/v2\/pages\/489\/revisions"}],"predecessor-version":[{"id":583,"href":"https:\/\/wwfca-apps.org\/ciudadescaribecircular\/wp-json\/wp\/v2\/pages\/489\/revisions\/583"}],"wp:attachment":[{"href":"https:\/\/wwfca-apps.org\/ciudadescaribecircular\/wp-json\/wp\/v2\/media?parent=489"}],"curies":[{"name":"wp","href":"https:\/\/api.w.org\/{rel}","templated":true}]}}